{"id":3557,"date":"2024-08-30T13:19:40","date_gmt":"2024-08-30T13:19:40","guid":{"rendered":"https:\/\/torsoli.it\/?page_id=3557"},"modified":"2025-04-11T13:03:06","modified_gmt":"2025-04-11T13:03:06","slug":"attivita","status":"publish","type":"page","link":"https:\/\/torsoli.it\/eng\/attivita\/","title":{"rendered":"Activities"},"content":{"rendered":"<div data-elementor-type=\"wp-page\" data-elementor-id=\"3557\" class=\"elementor elementor-3557\" data-elementor-post-type=\"page\">\n\t\t\t\t<div class=\"elementor-element elementor-element-38f00bd e-flex e-con-boxed wpr-particle-no wpr-jarallax-no wpr-parallax-no wpr-sticky-section-no e-con e-parent\" data-id=\"38f00bd\" data-element_type=\"container\" data-settings=\"{&quot;background_background&quot;:&quot;classic&quot;}\">\n\t\t\t\t\t<div class=\"e-con-inner\">\n\t\t<div class=\"elementor-element elementor-element-bc4c46d e-con-full e-flex wpr-particle-no wpr-jarallax-no wpr-parallax-no wpr-sticky-section-no e-con e-child\" data-id=\"bc4c46d\" data-element_type=\"container\" data-settings=\"{&quot;background_background&quot;:&quot;classic&quot;}\">\n\t\t\t\t<div class=\"elementor-element elementor-element-2be4007 elementor-widget__width-initial elementor-widget elementor-widget-text-editor\" data-id=\"2be4007\" data-element_type=\"widget\" data-widget_type=\"text-editor.default\">\n\t\t\t\t<div class=\"elementor-widget-container translation-block\">Our studio is too <span style=\"font-size:0.65rem\">small<\/span> to contain all the ideas we have in our heads... more people, more activities!<\/div>\n\t\t\t\t<\/div>\n\t\t\t\t<\/div>\n\t\t\t\t\t<\/div>\n\t\t\t\t<\/div>\n\t\t<div class=\"elementor-element elementor-element-21f87fc e-flex e-con-boxed wpr-particle-no wpr-jarallax-no wpr-parallax-no wpr-sticky-section-no e-con e-parent\" data-id=\"21f87fc\" data-element_type=\"container\">\n\t\t\t\t\t<div class=\"e-con-inner\">\n\t\t\t\t<div class=\"elementor-element elementor-element-f3d496d elementor-grid-3 elementor-grid-tablet-2 elementor-grid-mobile-1 elementor-widget elementor-widget-portfolio\" data-id=\"f3d496d\" data-element_type=\"widget\" data-settings=\"{&quot;item_ratio&quot;:{&quot;unit&quot;:&quot;px&quot;,&quot;size&quot;:1,&quot;sizes&quot;:[]},&quot;columns&quot;:&quot;3&quot;,&quot;columns_tablet&quot;:&quot;2&quot;,&quot;columns_mobile&quot;:&quot;1&quot;,&quot;item_gap&quot;:{&quot;unit&quot;:&quot;px&quot;,&quot;size&quot;:&quot;&quot;,&quot;sizes&quot;:[]},&quot;row_gap&quot;:{&quot;unit&quot;:&quot;px&quot;,&quot;size&quot;:&quot;&quot;,&quot;sizes&quot;:[]}}\" data-widget_type=\"portfolio.default\">\n\t\t\t\t<div class=\"elementor-widget-container\">\n\t\t\t\t\t\t\t<div class=\"elementor-portfolio elementor-grid elementor-posts-container\" role=\"list\">\n\t\t\t\t<article class=\"elementor-portfolio-item elementor-post elementor-filter-34 post-8216 post type-post status-publish format-standard has-post-thumbnail hentry category-attivita\" role=\"listitem\">\n\t\t\t<a class=\"elementor-post__thumbnail__link\" href=\"https:\/\/torsoli.it\/eng\/creiamo-biomateriali-laboratorio-in-campagna\/\">\n\t\t\t\t<div class=\"elementor-portfolio-item__img elementor-post__thumbnail\">\n\t\t\t<img fetchpriority=\"high\" decoding=\"async\" width=\"1200\" height=\"1200\" src=\"https:\/\/torsoli.it\/wp-content\/uploads\/2025\/08\/1.jpg\" class=\"attachment-full size-full wp-image-8218\" alt=\"\" srcset=\"https:\/\/torsoli.it\/wp-content\/uploads\/2025\/08\/1.jpg 1200w, https:\/\/torsoli.it\/wp-content\/uploads\/2025\/08\/1-300x300.jpg 300w, https:\/\/torsoli.it\/wp-content\/uploads\/2025\/08\/1-1024x1024.jpg 1024w, https:\/\/torsoli.it\/wp-content\/uploads\/2025\/08\/1-150x150.jpg 150w, https:\/\/torsoli.it\/wp-content\/uploads\/2025\/08\/1-12x12.jpg 12w, https:\/\/torsoli.it\/wp-content\/uploads\/2025\/08\/1-600x600.jpg 600w\" sizes=\"(max-width: 1200px) 100vw, 1200px\" \/>\t\t<\/div>\n\t\t\t\t<div class=\"elementor-portfolio-item__overlay\">\n\t\t\t\t<h3 class=\"elementor-portfolio-item__title\">\n\t\tCreiamo biomateriali &#8211; laboratorio in campagna\t\t<\/h3>\n\t\t\t\t<\/div>\n\t\t\t\t<\/a>\n\t\t<\/article>\n\t\t\t\t<article class=\"elementor-portfolio-item elementor-post elementor-filter-34 post-7619 post type-post status-publish format-standard has-post-thumbnail hentry category-attivita\" role=\"listitem\">\n\t\t\t<a class=\"elementor-post__thumbnail__link\" href=\"https:\/\/torsoli.it\/eng\/oggi-sul-giornale-locale\/\">\n\t\t\t\t<div class=\"elementor-portfolio-item__img elementor-post__thumbnail\">\n\t\t\t<img decoding=\"async\" width=\"2560\" height=\"2560\" src=\"https:\/\/torsoli.it\/wp-content\/uploads\/2025\/04\/oggi-sul-giornale-locale-copia-scaled.jpg\" class=\"attachment-full size-full wp-image-7621\" alt=\"\" srcset=\"https:\/\/torsoli.it\/wp-content\/uploads\/2025\/04\/oggi-sul-giornale-locale-copia-scaled.jpg 2560w, https:\/\/torsoli.it\/wp-content\/uploads\/2025\/04\/oggi-sul-giornale-locale-copia-300x300.jpg 300w, https:\/\/torsoli.it\/wp-content\/uploads\/2025\/04\/oggi-sul-giornale-locale-copia-1024x1024.jpg 1024w, https:\/\/torsoli.it\/wp-content\/uploads\/2025\/04\/oggi-sul-giornale-locale-copia-150x150.jpg 150w, https:\/\/torsoli.it\/wp-content\/uploads\/2025\/04\/oggi-sul-giornale-locale-copia-12x12.jpg 12w, https:\/\/torsoli.it\/wp-content\/uploads\/2025\/04\/oggi-sul-giornale-locale-copia-600x600.jpg 600w\" sizes=\"(max-width: 2560px) 100vw, 2560px\" \/>\t\t<\/div>\n\t\t\t\t<div class=\"elementor-portfolio-item__overlay\">\n\t\t\t\t<h3 class=\"elementor-portfolio-item__title\">\n\t\ttoday on local newspaper\t\t<\/h3>\n\t\t\t\t<\/div>\n\t\t\t\t<\/a>\n\t\t<\/article>\n\t\t\t\t<article class=\"elementor-portfolio-item elementor-post elementor-filter-34 post-7647 post type-post status-publish format-standard has-post-thumbnail hentry category-attivita\" role=\"listitem\">\n\t\t\t<a class=\"elementor-post__thumbnail__link\" href=\"https:\/\/torsoli.it\/eng\/cappuccina-alla-milano-design-week\/\">\n\t\t\t\t<div class=\"elementor-portfolio-item__img elementor-post__thumbnail\">\n\t\t\t<img decoding=\"async\" width=\"1024\" height=\"1024\" src=\"https:\/\/torsoli.it\/wp-content\/uploads\/2025\/04\/cappuccina-alla-design-week.jpg\" class=\"attachment-full size-full wp-image-7649\" alt=\"\" srcset=\"https:\/\/torsoli.it\/wp-content\/uploads\/2025\/04\/cappuccina-alla-design-week.jpg 1024w, https:\/\/torsoli.it\/wp-content\/uploads\/2025\/04\/cappuccina-alla-design-week-300x300.jpg 300w, https:\/\/torsoli.it\/wp-content\/uploads\/2025\/04\/cappuccina-alla-design-week-150x150.jpg 150w, https:\/\/torsoli.it\/wp-content\/uploads\/2025\/04\/cappuccina-alla-design-week-12x12.jpg 12w, https:\/\/torsoli.it\/wp-content\/uploads\/2025\/04\/cappuccina-alla-design-week-600x600.jpg 600w\" sizes=\"(max-width: 1024px) 100vw, 1024px\" \/>\t\t<\/div>\n\t\t\t\t<div class=\"elementor-portfolio-item__overlay\">\n\t\t\t\t<h3 class=\"elementor-portfolio-item__title\">\n\t\tCappuccina at Milan Design Week\t\t<\/h3>\n\t\t\t\t<\/div>\n\t\t\t\t<\/a>\n\t\t<\/article>\n\t\t\t\t<article class=\"elementor-portfolio-item elementor-post elementor-filter-34 post-7586 post type-post status-publish format-standard has-post-thumbnail hentry category-attivita\" role=\"listitem\">\n\t\t\t<a class=\"elementor-post__thumbnail__link\" href=\"https:\/\/torsoli.it\/eng\/presenti-da-ideale-2050\/\">\n\t\t\t\t<div class=\"elementor-portfolio-item__img elementor-post__thumbnail\">\n\t\t\t<img loading=\"lazy\" decoding=\"async\" width=\"1080\" height=\"1080\" src=\"https:\/\/torsoli.it\/wp-content\/uploads\/2025\/04\/Foto-articolo-IDEALE_1.png\" class=\"attachment-full size-full wp-image-7587\" alt=\"\" srcset=\"https:\/\/torsoli.it\/wp-content\/uploads\/2025\/04\/Foto-articolo-IDEALE_1.png 1080w, https:\/\/torsoli.it\/wp-content\/uploads\/2025\/04\/Foto-articolo-IDEALE_1-300x300.png 300w, https:\/\/torsoli.it\/wp-content\/uploads\/2025\/04\/Foto-articolo-IDEALE_1-1024x1024.png 1024w, https:\/\/torsoli.it\/wp-content\/uploads\/2025\/04\/Foto-articolo-IDEALE_1-150x150.png 150w, https:\/\/torsoli.it\/wp-content\/uploads\/2025\/04\/Foto-articolo-IDEALE_1-12x12.png 12w, https:\/\/torsoli.it\/wp-content\/uploads\/2025\/04\/Foto-articolo-IDEALE_1-600x600.png 600w\" sizes=\"(max-width: 1080px) 100vw, 1080px\" \/>\t\t<\/div>\n\t\t\t\t<div class=\"elementor-portfolio-item__overlay\">\n\t\t\t\t<h3 class=\"elementor-portfolio-item__title\">\n\t\tpresent at IDEALE 2050\t\t<\/h3>\n\t\t\t\t<\/div>\n\t\t\t\t<\/a>\n\t\t<\/article>\n\t\t\t\t<article class=\"elementor-portfolio-item elementor-post elementor-filter-34 post-5114 post type-post status-publish format-standard has-post-thumbnail hentry category-attivita\" role=\"listitem\">\n\t\t\t<a class=\"elementor-post__thumbnail__link\" href=\"https:\/\/torsoli.it\/eng\/il-nostro-stand-al-miveg\/\">\n\t\t\t\t<div class=\"elementor-portfolio-item__img elementor-post__thumbnail\">\n\t\t\t<img loading=\"lazy\" decoding=\"async\" width=\"2000\" height=\"2000\" src=\"https:\/\/torsoli.it\/wp-content\/uploads\/2024\/11\/miveg-3.jpg\" class=\"attachment-full size-full wp-image-5123\" alt=\"Miveg fiera cappuccina\" srcset=\"https:\/\/torsoli.it\/wp-content\/uploads\/2024\/11\/miveg-3.jpg 2000w, https:\/\/torsoli.it\/wp-content\/uploads\/2024\/11\/miveg-3-300x300.jpg 300w, https:\/\/torsoli.it\/wp-content\/uploads\/2024\/11\/miveg-3-1024x1024.jpg 1024w, https:\/\/torsoli.it\/wp-content\/uploads\/2024\/11\/miveg-3-150x150.jpg 150w, https:\/\/torsoli.it\/wp-content\/uploads\/2024\/11\/miveg-3-768x768.jpg 768w, https:\/\/torsoli.it\/wp-content\/uploads\/2024\/11\/miveg-3-1536x1536.jpg 1536w, https:\/\/torsoli.it\/wp-content\/uploads\/2024\/11\/miveg-3-600x600.jpg 600w, https:\/\/torsoli.it\/wp-content\/uploads\/2024\/11\/miveg-3-100x100.jpg 100w\" sizes=\"(max-width: 2000px) 100vw, 2000px\" \/>\t\t<\/div>\n\t\t\t\t<div class=\"elementor-portfolio-item__overlay\">\n\t\t\t\t<h3 class=\"elementor-portfolio-item__title\">\n\t\tour Miveg stand\t\t<\/h3>\n\t\t\t\t<\/div>\n\t\t\t\t<\/a>\n\t\t<\/article>\n\t\t\t\t<article class=\"elementor-portfolio-item elementor-post elementor-filter-34 post-3576 post type-post status-publish format-standard has-post-thumbnail hentry category-attivita\" role=\"listitem\">\n\t\t\t<a class=\"elementor-post__thumbnail__link\" href=\"https:\/\/torsoli.it\/eng\/la-nuova-mappa-per-gli-ortolani\/\">\n\t\t\t\t<div class=\"elementor-portfolio-item__img elementor-post__thumbnail\">\n\t\t\t<img loading=\"lazy\" decoding=\"async\" width=\"2000\" height=\"2000\" src=\"https:\/\/torsoli.it\/wp-content\/uploads\/2024\/08\/4.jpg\" class=\"attachment-full size-full wp-image-3757\" alt=\"pannello ortolani\" srcset=\"https:\/\/torsoli.it\/wp-content\/uploads\/2024\/08\/4.jpg 2000w, https:\/\/torsoli.it\/wp-content\/uploads\/2024\/08\/4-300x300.jpg 300w, https:\/\/torsoli.it\/wp-content\/uploads\/2024\/08\/4-100x100.jpg 100w, https:\/\/torsoli.it\/wp-content\/uploads\/2024\/08\/4-600x600.jpg 600w, https:\/\/torsoli.it\/wp-content\/uploads\/2024\/08\/4-1024x1024.jpg 1024w, https:\/\/torsoli.it\/wp-content\/uploads\/2024\/08\/4-150x150.jpg 150w, https:\/\/torsoli.it\/wp-content\/uploads\/2024\/08\/4-768x768.jpg 768w, https:\/\/torsoli.it\/wp-content\/uploads\/2024\/08\/4-1536x1536.jpg 1536w, https:\/\/torsoli.it\/wp-content\/uploads\/2024\/08\/4-90x90.jpg 90w, https:\/\/torsoli.it\/wp-content\/uploads\/2024\/08\/4-750x750.jpg 750w, https:\/\/torsoli.it\/wp-content\/uploads\/2024\/08\/4-1300x1300.jpg 1300w\" sizes=\"(max-width: 2000px) 100vw, 2000px\" \/>\t\t<\/div>\n\t\t\t\t<div class=\"elementor-portfolio-item__overlay\">\n\t\t\t\t<h3 class=\"elementor-portfolio-item__title\">\n\t\tthe new map of social gardens\t\t<\/h3>\n\t\t\t\t<\/div>\n\t\t\t\t<\/a>\n\t\t<\/article>\n\t\t\t\t<article class=\"elementor-portfolio-item elementor-post elementor-filter-34 post-2345 post type-post status-publish format-standard has-post-thumbnail hentry category-attivita\" role=\"listitem\">\n\t\t\t<a class=\"elementor-post__thumbnail__link\" href=\"https:\/\/torsoli.it\/eng\/in-fiera-con-3dswift\/\">\n\t\t\t\t<div class=\"elementor-portfolio-item__img elementor-post__thumbnail\">\n\t\t\t<img loading=\"lazy\" decoding=\"async\" width=\"1200\" height=\"1200\" src=\"https:\/\/torsoli.it\/wp-content\/uploads\/2024\/02\/campione-terralolla-in-fiera.png\" class=\"attachment-full size-full wp-image-2383\" alt=\"campione terralolla in fiera\" srcset=\"https:\/\/torsoli.it\/wp-content\/uploads\/2024\/02\/campione-terralolla-in-fiera.png 1200w, https:\/\/torsoli.it\/wp-content\/uploads\/2024\/02\/campione-terralolla-in-fiera-300x300.png 300w, https:\/\/torsoli.it\/wp-content\/uploads\/2024\/02\/campione-terralolla-in-fiera-100x100.png 100w, https:\/\/torsoli.it\/wp-content\/uploads\/2024\/02\/campione-terralolla-in-fiera-600x600.png 600w, https:\/\/torsoli.it\/wp-content\/uploads\/2024\/02\/campione-terralolla-in-fiera-1024x1024.png 1024w, https:\/\/torsoli.it\/wp-content\/uploads\/2024\/02\/campione-terralolla-in-fiera-150x150.png 150w, https:\/\/torsoli.it\/wp-content\/uploads\/2024\/02\/campione-terralolla-in-fiera-768x768.png 768w, https:\/\/torsoli.it\/wp-content\/uploads\/2024\/02\/campione-terralolla-in-fiera-90x90.png 90w, https:\/\/torsoli.it\/wp-content\/uploads\/2024\/02\/campione-terralolla-in-fiera-750x750.png 750w\" sizes=\"(max-width: 1200px) 100vw, 1200px\" \/>\t\t<\/div>\n\t\t\t\t<div class=\"elementor-portfolio-item__overlay\">\n\t\t\t\t<h3 class=\"elementor-portfolio-item__title\">\n\t\texhibition with 3dswift!\t\t<\/h3>\n\t\t\t\t<\/div>\n\t\t\t\t<\/a>\n\t\t<\/article>\n\t\t\t\t<\/div>\n\t\t\t\t\t\t<\/div>\n\t\t\t\t<\/div>\n\t\t\t\t\t<\/div>\n\t\t\t\t<\/div>\n\t\t\t\t<\/div>","protected":false},"excerpt":{"rendered":"<p class=\"translation-block\">Our studio is too <span style=\"font-size:0.65rem\">small<\/span> to contain all the ideas we have in our heads... more people, more activities!<\/p>","protected":false},"author":1,"featured_media":0,"parent":0,"menu_order":20,"comment_status":"closed","ping_status":"closed","template":"elementor_header_footer","meta":{"inline_featured_image":false,"footnotes":""},"categories":[],"tags":[],"class_list":["post-3557","page","type-page","status-publish","hentry"],"yoast_head":"<!-- This site is optimized with the Yoast SEO plugin v26.7 - https:\/\/yoast.com\/wordpress\/plugins\/seo\/ -->\n<title>Attivit\u00e0 - Torsoli<\/title>\n<meta name=\"robots\" content=\"index, follow, max-snippet:-1, max-image-preview:large, max-video-preview:-1\" \/>\n<link rel=\"canonical\" href=\"https:\/\/torsoli.it\/eng\/attivita\/\" \/>\n<meta property=\"og:locale\" content=\"en_GB\" \/>\n<meta property=\"og:type\" content=\"article\" \/>\n<meta property=\"og:title\" content=\"Attivit\u00e0 - Torsoli\" \/>\n<meta property=\"og:description\" content=\"Il nostro studio \u00e8 troppo piccolo per contenere tutte le idee che abbiamo in testa&#8230; pi\u00f9 persone, pi\u00f9 attivit\u00e0!\" \/>\n<meta property=\"og:url\" content=\"https:\/\/torsoli.it\/eng\/attivita\/\" \/>\n<meta property=\"og:site_name\" content=\"Torsoli\" \/>\n<meta property=\"article:modified_time\" content=\"2025-04-11T13:03:06+00:00\" \/>\n<meta name=\"twitter:card\" content=\"summary_large_image\" \/>\n<meta name=\"twitter:label1\" content=\"Estimated reading time\" \/>\n\t<meta name=\"twitter:data1\" content=\"1 minute\" \/>\n<script type=\"application\/ld+json\" class=\"yoast-schema-graph\">{\"@context\":\"https:\/\/schema.org\",\"@graph\":[{\"@type\":\"WebPage\",\"@id\":\"https:\/\/torsoli.it\/attivita\/\",\"url\":\"https:\/\/torsoli.it\/attivita\/\",\"name\":\"Attivit\u00e0 - Torsoli\",\"isPartOf\":{\"@id\":\"https:\/\/torsoli.it\/#website\"},\"datePublished\":\"2024-08-30T13:19:40+00:00\",\"dateModified\":\"2025-04-11T13:03:06+00:00\",\"breadcrumb\":{\"@id\":\"https:\/\/torsoli.it\/attivita\/#breadcrumb\"},\"inLanguage\":\"en-GB\",\"potentialAction\":[{\"@type\":\"ReadAction\",\"target\":[\"https:\/\/torsoli.it\/attivita\/\"]}]},{\"@type\":\"BreadcrumbList\",\"@id\":\"https:\/\/torsoli.it\/attivita\/#breadcrumb\",\"itemListElement\":[{\"@type\":\"ListItem\",\"position\":1,\"name\":\"Home\",\"item\":\"https:\/\/torsoli.it\/ita\/\"},{\"@type\":\"ListItem\",\"position\":2,\"name\":\"Attivit\u00e0\"}]},{\"@type\":\"WebSite\",\"@id\":\"https:\/\/torsoli.it\/#website\",\"url\":\"https:\/\/torsoli.it\/\",\"name\":\"Torsoli\",\"description\":\"laboratorio di eco-idee\",\"publisher\":{\"@id\":\"https:\/\/torsoli.it\/#organization\"},\"potentialAction\":[{\"@type\":\"SearchAction\",\"target\":{\"@type\":\"EntryPoint\",\"urlTemplate\":\"https:\/\/torsoli.it\/?s={search_term_string}\"},\"query-input\":{\"@type\":\"PropertyValueSpecification\",\"valueRequired\":true,\"valueName\":\"search_term_string\"}}],\"inLanguage\":\"en-GB\"},{\"@type\":\"Organization\",\"@id\":\"https:\/\/torsoli.it\/#organization\",\"name\":\"Torsoli\",\"url\":\"https:\/\/torsoli.it\/\",\"logo\":{\"@type\":\"ImageObject\",\"inLanguage\":\"en-GB\",\"@id\":\"https:\/\/torsoli.it\/#\/schema\/logo\/image\/\",\"url\":\"https:\/\/torsoli.it\/wp-content\/uploads\/2023\/09\/TORSOLI-Logo.svg\",\"contentUrl\":\"https:\/\/torsoli.it\/wp-content\/uploads\/2023\/09\/TORSOLI-Logo.svg\",\"width\":100,\"height\":100,\"caption\":\"Torsoli\"},\"image\":{\"@id\":\"https:\/\/torsoli.it\/#\/schema\/logo\/image\/\"}}]}<\/script>\n<!-- \/ Yoast SEO plugin. -->","yoast_head_json":{"title":"Attivit\u00e0 - Torsoli","robots":{"index":"index","follow":"follow","max-snippet":"max-snippet:-1","max-image-preview":"max-image-preview:large","max-video-preview":"max-video-preview:-1"},"canonical":"https:\/\/torsoli.it\/eng\/attivita\/","og_locale":"en_GB","og_type":"article","og_title":"Attivit\u00e0 - Torsoli","og_description":"Il nostro studio \u00e8 troppo piccolo per contenere tutte le idee che abbiamo in testa&#8230; pi\u00f9 persone, pi\u00f9 attivit\u00e0!","og_url":"https:\/\/torsoli.it\/eng\/attivita\/","og_site_name":"Torsoli","article_modified_time":"2025-04-11T13:03:06+00:00","twitter_card":"summary_large_image","twitter_misc":{"Estimated reading time":"1 minute"},"schema":{"@context":"https:\/\/schema.org","@graph":[{"@type":"WebPage","@id":"https:\/\/torsoli.it\/attivita\/","url":"https:\/\/torsoli.it\/attivita\/","name":"Attivit\u00e0 - Torsoli","isPartOf":{"@id":"https:\/\/torsoli.it\/#website"},"datePublished":"2024-08-30T13:19:40+00:00","dateModified":"2025-04-11T13:03:06+00:00","breadcrumb":{"@id":"https:\/\/torsoli.it\/attivita\/#breadcrumb"},"inLanguage":"en-GB","potentialAction":[{"@type":"ReadAction","target":["https:\/\/torsoli.it\/attivita\/"]}]},{"@type":"BreadcrumbList","@id":"https:\/\/torsoli.it\/attivita\/#breadcrumb","itemListElement":[{"@type":"ListItem","position":1,"name":"Home","item":"https:\/\/torsoli.it\/ita\/"},{"@type":"ListItem","position":2,"name":"Attivit\u00e0"}]},{"@type":"WebSite","@id":"https:\/\/torsoli.it\/#website","url":"https:\/\/torsoli.it\/","name":"Torsoli","description":"eco-ideas laboratory","publisher":{"@id":"https:\/\/torsoli.it\/#organization"},"potentialAction":[{"@type":"SearchAction","target":{"@type":"EntryPoint","urlTemplate":"https:\/\/torsoli.it\/?s={search_term_string}"},"query-input":{"@type":"PropertyValueSpecification","valueRequired":true,"valueName":"search_term_string"}}],"inLanguage":"en-GB"},{"@type":"Organization","@id":"https:\/\/torsoli.it\/#organization","name":"Torsoli","url":"https:\/\/torsoli.it\/","logo":{"@type":"ImageObject","inLanguage":"en-GB","@id":"https:\/\/torsoli.it\/#\/schema\/logo\/image\/","url":"https:\/\/torsoli.it\/wp-content\/uploads\/2023\/09\/TORSOLI-Logo.svg","contentUrl":"https:\/\/torsoli.it\/wp-content\/uploads\/2023\/09\/TORSOLI-Logo.svg","width":100,"height":100,"caption":"Torsoli"},"image":{"@id":"https:\/\/torsoli.it\/#\/schema\/logo\/image\/"}}]}},"_links":{"self":[{"href":"https:\/\/torsoli.it\/eng\/wp-json\/wp\/v2\/pages\/3557","targetHints":{"allow":["GET"]}}],"collection":[{"href":"https:\/\/torsoli.it\/eng\/wp-json\/wp\/v2\/pages"}],"about":[{"href":"https:\/\/torsoli.it\/eng\/wp-json\/wp\/v2\/types\/page"}],"author":[{"embeddable":true,"href":"https:\/\/torsoli.it\/eng\/wp-json\/wp\/v2\/users\/1"}],"replies":[{"embeddable":true,"href":"https:\/\/torsoli.it\/eng\/wp-json\/wp\/v2\/comments?post=3557"}],"version-history":[{"count":20,"href":"https:\/\/torsoli.it\/eng\/wp-json\/wp\/v2\/pages\/3557\/revisions"}],"predecessor-version":[{"id":7585,"href":"https:\/\/torsoli.it\/eng\/wp-json\/wp\/v2\/pages\/3557\/revisions\/7585"}],"wp:attachment":[{"href":"https:\/\/torsoli.it\/eng\/wp-json\/wp\/v2\/media?parent=3557"}],"wp:term":[{"taxonomy":"category","embeddable":true,"href":"https:\/\/torsoli.it\/eng\/wp-json\/wp\/v2\/categories?post=3557"},{"taxonomy":"post_tag","embeddable":true,"href":"https:\/\/torsoli.it\/eng\/wp-json\/wp\/v2\/tags?post=3557"}],"curies":[{"name":"wp","href":"https:\/\/api.w.org\/{rel}","templated":true}]}}